{"id":30,"date":"2025-06-13T16:17:14","date_gmt":"2025-06-13T16:17:14","guid":{"rendered":"https:\/\/bvnarede.com.br\/varinhanerd\/?page_id=30"},"modified":"2025-06-18T13:56:17","modified_gmt":"2025-06-18T16:56:17","slug":"games","status":"publish","type":"page","link":"https:\/\/bvnarede.com.br\/varinhanerd\/games\/","title":{"rendered":"GAMES"},"content":{"rendered":"<style>.kb-posts-id-30_fd8d30-46 .kb-post-list-item{display:grid;}<\/style><ul class=\"wp-block-kadence-posts kb-posts kadence-posts-list kb-posts-id-30_fd8d30-46 content-wrap grid-cols kb-posts-style-boxed grid-sm-col-1 grid-lg-col-1 item-image-style-beside\"><li class=\"kb-post-list-item\">\n\t<article class=\"entry content-bg loop-entry post-299 post type-post status-publish format-standard has-post-thumbnail hentry category-games tag-games tag-microsoft tag-xbox-game-pass\">\n\t\t\t\t<a aria-hidden=\"true\" tabindex=\"-1\" role=\"presentation\" class=\"post-thumbnail kadence-thumbnail-ratio-9-16\" href=\"https:\/\/bvnarede.com.br\/varinhanerd\/melhores-jogos-de-xbox-game-pass-em-2025\/\" aria-label=\"Melhores jogos de Xbox Game Pass em 2025: Top 10 imperd\u00edvel\">\n\t\t\t<div class=\"post-thumbnail-inner\">\n\t\t\t\t<img loading=\"lazy\" decoding=\"async\" width=\"768\" height=\"513\" src=\"https:\/\/bvnarede.com.br\/varinhanerd\/wp-content\/uploads\/2025\/09\/x6qffklwyoq-768x513.jpg\" class=\"attachment-medium_large size-medium_large wp-post-image\" alt=\"Melhores jogos de Xbox Game Pass em 2025\" srcset=\"https:\/\/bvnarede.com.br\/varinhanerd\/wp-content\/uploads\/2025\/09\/x6qffklwyoq-768x513.jpg 768w, https:\/\/bvnarede.com.br\/varinhanerd\/wp-content\/uploads\/2025\/09\/x6qffklwyoq-300x200.jpg 300w, https:\/\/bvnarede.com.br\/varinhanerd\/wp-content\/uploads\/2025\/09\/x6qffklwyoq-1024x684.jpg 1024w, https:\/\/bvnarede.com.br\/varinhanerd\/wp-content\/uploads\/2025\/09\/x6qffklwyoq-1536x1026.jpg 1536w, https:\/\/bvnarede.com.br\/varinhanerd\/wp-content\/uploads\/2025\/09\/x6qffklwyoq.jpg 1600w\" sizes=\"auto, (max-width: 768px) 100vw, 768px\" \/>\t\t\t<\/div>\n\t\t<\/a><!-- .post-thumbnail -->\n\t\t\t\t<div class=\"entry-content-wrap\">\n\t\t\t<header class=\"entry-header\">\n\t\t<div class=\"entry-taxonomies\">\n\t\t<span class=\"category-links term-links category-style-normal\">\n\t\t\t<style>.loop-entry.type-post .entry-taxonomies a.category-link-games {\n\t\t\t\t\t\t\t\t\t\tcolor: #9b51e0;\n\t\t\t\t\t\t\t\t\t}<\/style><a href=\"https:\/\/bvnarede.com.br\/varinhanerd\/category\/games\/\" class=\"category-link-games\" rel=\"tag\">Games<\/a>\t\t<\/span>\n\t<\/div><!-- .entry-taxonomies -->\n\t<h2 class=\"entry-title\"><a href=\"https:\/\/bvnarede.com.br\/varinhanerd\/melhores-jogos-de-xbox-game-pass-em-2025\/\" rel=\"bookmark\">Melhores jogos de Xbox Game Pass em 2025: Top 10 imperd\u00edvel<\/a><\/h2>\t<div class=\"entry-meta entry-meta-divider-dot\">\n\t\t\t\t<span class=\"posted-on\">\n\t\t\t\t<time class=\"entry-date published\" datetime=\"2025-09-04T09:12:36-03:00\">04\/09\/2025<\/time><time class=\"updated\" datetime=\"2025-09-04T09:12:38-03:00\">04\/09\/2025<\/time>\t\t\t<\/span>\n\t\t\t\t<\/div><!-- .entry-meta -->\n\t<\/header><!-- .entry-header -->\n\t<div class=\"entry-summary\">\n\t\t<p>Melhores jogos de Xbox Game Pass em 2025 n\u00e3o faltam para quem busca divers\u00e3o de qualidade. O servi\u00e7o continua sendo um dos maiores atrativos da Microsoft, reunindo uma biblioteca que mistura lan\u00e7amentos de peso e cl\u00e1ssicos atemporais. Para ajudar voc\u00ea a aproveitar ao m\u00e1ximo sua assinatura, reunimos os 10 t\u00edtulos imperd\u00edveis do cat\u00e1logo atual, com&#8230;<\/p>\n\t<\/div><!-- .entry-summary -->\n\t<footer class=\"entry-footer\">\n\t\t\t<div class=\"entry-actions\">\n\t\t\t<p class=\"more-link-wrap\">\n\t\t\t\t<a href=\"https:\/\/bvnarede.com.br\/varinhanerd\/melhores-jogos-de-xbox-game-pass-em-2025\/\" class=\"post-more-link\">\n\t\t\t\t\tleia mais<span class=\"screen-reader-text\"> Melhores jogos de Xbox Game Pass em 2025: Top 10 imperd\u00edvel<\/span><span class=\"kadence-svg-iconset svg-baseline\"><svg aria-hidden=\"true\" class=\"kadence-svg-icon kadence-arrow-right-alt-svg\" fill=\"currentColor\" version=\"1.1\" xmlns=\"http:\/\/www.w3.org\/2000\/svg\" width=\"27\" height=\"28\" viewBox=\"0 0 27 28\"><title>Continue<\/title><path d=\"M27 13.953c0 0.141-0.063 0.281-0.156 0.375l-6 5.531c-0.156 0.141-0.359 0.172-0.547 0.094-0.172-0.078-0.297-0.25-0.297-0.453v-3.5h-19.5c-0.281 0-0.5-0.219-0.5-0.5v-3c0-0.281 0.219-0.5 0.5-0.5h19.5v-3.5c0-0.203 0.109-0.375 0.297-0.453s0.391-0.047 0.547 0.078l6 5.469c0.094 0.094 0.156 0.219 0.156 0.359v0z\"><\/path>\n\t\t\t<\/svg><\/span>\t\t\t\t<\/a>\n\t\t\t<\/p>\n\t\t<\/div><!-- .entry-actions -->\n\t\t<\/footer><!-- .entry-footer -->\t\t<\/div>\n\t<\/article>\n<\/li>\n<li class=\"kb-post-list-item\">\n\t<article class=\"entry content-bg loop-entry post-295 post type-post status-publish format-standard has-post-thumbnail hentry category-games tag-games\">\n\t\t\t\t<a aria-hidden=\"true\" tabindex=\"-1\" role=\"presentation\" class=\"post-thumbnail kadence-thumbnail-ratio-9-16\" href=\"https:\/\/bvnarede.com.br\/varinhanerd\/gears-of-war-reloaded\/\" aria-label=\"Gears of War Reloaded \u2014 Tudo o que voc\u00ea precisa saber at\u00e9 agora\">\n\t\t\t<div class=\"post-thumbnail-inner\">\n\t\t\t\t<img loading=\"lazy\" decoding=\"async\" width=\"768\" height=\"432\" src=\"https:\/\/bvnarede.com.br\/varinhanerd\/wp-content\/uploads\/2025\/08\/gears_reload-768x432.jpg\" class=\"attachment-medium_large size-medium_large wp-post-image\" alt=\"Gears of War Reloaded\" srcset=\"https:\/\/bvnarede.com.br\/varinhanerd\/wp-content\/uploads\/2025\/08\/gears_reload-768x432.jpg 768w, https:\/\/bvnarede.com.br\/varinhanerd\/wp-content\/uploads\/2025\/08\/gears_reload-300x169.jpg 300w, https:\/\/bvnarede.com.br\/varinhanerd\/wp-content\/uploads\/2025\/08\/gears_reload-1024x576.jpg 1024w, https:\/\/bvnarede.com.br\/varinhanerd\/wp-content\/uploads\/2025\/08\/gears_reload.jpg 1350w\" sizes=\"auto, (max-width: 768px) 100vw, 768px\" \/>\t\t\t<\/div>\n\t\t<\/a><!-- .post-thumbnail -->\n\t\t\t\t<div class=\"entry-content-wrap\">\n\t\t\t<header class=\"entry-header\">\n\t\t<div class=\"entry-taxonomies\">\n\t\t<span class=\"category-links term-links category-style-normal\">\n\t\t\t<style>.loop-entry.type-post .entry-taxonomies a.category-link-games {\n\t\t\t\t\t\t\t\t\t\tcolor: #9b51e0;\n\t\t\t\t\t\t\t\t\t}<\/style><a href=\"https:\/\/bvnarede.com.br\/varinhanerd\/category\/games\/\" class=\"category-link-games\" rel=\"tag\">Games<\/a>\t\t<\/span>\n\t<\/div><!-- .entry-taxonomies -->\n\t<h2 class=\"entry-title\"><a href=\"https:\/\/bvnarede.com.br\/varinhanerd\/gears-of-war-reloaded\/\" rel=\"bookmark\">Gears of War Reloaded \u2014 Tudo o que voc\u00ea precisa saber at\u00e9 agora<\/a><\/h2>\t<div class=\"entry-meta entry-meta-divider-dot\">\n\t\t\t\t<span class=\"posted-on\">\n\t\t\t\t<time class=\"entry-date published\" datetime=\"2025-08-26T16:52:00-03:00\">26\/08\/2025<\/time><time class=\"updated\" datetime=\"2025-08-26T16:52:01-03:00\">26\/08\/2025<\/time>\t\t\t<\/span>\n\t\t\t\t<\/div><!-- .entry-meta -->\n\t<\/header><!-- .entry-header -->\n\t<div class=\"entry-summary\">\n\t\t<p>O universo de Gears of War Reloaded ganha nova vida com uma remasteriza\u00e7\u00e3o completa do cl\u00e1ssico de 2006. Criado para celebrar os 20 anos da franquia em 2026, este novo t\u00edtulo promete levar a experi\u00eancia original para um p\u00fablico ainda maior \u2014 inclusive pela primeira vez no PS5 \u2014 e com um visual de cair&#8230;<\/p>\n\t<\/div><!-- .entry-summary -->\n\t<footer class=\"entry-footer\">\n\t\t\t<div class=\"entry-actions\">\n\t\t\t<p class=\"more-link-wrap\">\n\t\t\t\t<a href=\"https:\/\/bvnarede.com.br\/varinhanerd\/gears-of-war-reloaded\/\" class=\"post-more-link\">\n\t\t\t\t\tleia mais<span class=\"screen-reader-text\"> Gears of War Reloaded \u2014 Tudo o que voc\u00ea precisa saber at\u00e9 agora<\/span><span class=\"kadence-svg-iconset svg-baseline\"><svg aria-hidden=\"true\" class=\"kadence-svg-icon kadence-arrow-right-alt-svg\" fill=\"currentColor\" version=\"1.1\" xmlns=\"http:\/\/www.w3.org\/2000\/svg\" width=\"27\" height=\"28\" viewBox=\"0 0 27 28\"><title>Continue<\/title><path d=\"M27 13.953c0 0.141-0.063 0.281-0.156 0.375l-6 5.531c-0.156 0.141-0.359 0.172-0.547 0.094-0.172-0.078-0.297-0.25-0.297-0.453v-3.5h-19.5c-0.281 0-0.5-0.219-0.5-0.5v-3c0-0.281 0.219-0.5 0.5-0.5h19.5v-3.5c0-0.203 0.109-0.375 0.297-0.453s0.391-0.047 0.547 0.078l6 5.469c0.094 0.094 0.156 0.219 0.156 0.359v0z\"><\/path>\n\t\t\t<\/svg><\/span>\t\t\t\t<\/a>\n\t\t\t<\/p>\n\t\t<\/div><!-- .entry-actions -->\n\t\t<\/footer><!-- .entry-footer -->\t\t<\/div>\n\t<\/article>\n<\/li>\n<li class=\"kb-post-list-item\">\n\t<article class=\"entry content-bg loop-entry post-122 post type-post status-publish format-standard has-post-thumbnail hentry category-games tag-console tag-microsoft tag-video-game tag-windows tag-xbox\">\n\t\t\t\t<a aria-hidden=\"true\" tabindex=\"-1\" role=\"presentation\" class=\"post-thumbnail kadence-thumbnail-ratio-9-16\" href=\"https:\/\/bvnarede.com.br\/varinhanerd\/nova-geracao-do-xbox\/\" aria-label=\"Nova gera\u00e7\u00e3o do Xbox \u00e9 anunciada: saiba tudo sobre o futuro dos consoles da Microsoft\">\n\t\t\t<div class=\"post-thumbnail-inner\">\n\t\t\t\t<img loading=\"lazy\" decoding=\"async\" width=\"768\" height=\"512\" src=\"https:\/\/bvnarede.com.br\/varinhanerd\/wp-content\/uploads\/2025\/06\/4gdhij5agzm-768x512.jpg\" class=\"attachment-medium_large size-medium_large wp-post-image\" alt=\"white sony vaio laptop computer\" srcset=\"https:\/\/bvnarede.com.br\/varinhanerd\/wp-content\/uploads\/2025\/06\/4gdhij5agzm-768x512.jpg 768w, https:\/\/bvnarede.com.br\/varinhanerd\/wp-content\/uploads\/2025\/06\/4gdhij5agzm-300x200.jpg 300w, https:\/\/bvnarede.com.br\/varinhanerd\/wp-content\/uploads\/2025\/06\/4gdhij5agzm-1024x683.jpg 1024w, https:\/\/bvnarede.com.br\/varinhanerd\/wp-content\/uploads\/2025\/06\/4gdhij5agzm-1536x1024.jpg 1536w, https:\/\/bvnarede.com.br\/varinhanerd\/wp-content\/uploads\/2025\/06\/4gdhij5agzm.jpg 1600w\" sizes=\"auto, (max-width: 768px) 100vw, 768px\" \/>\t\t\t<\/div>\n\t\t<\/a><!-- .post-thumbnail -->\n\t\t\t\t<div class=\"entry-content-wrap\">\n\t\t\t<header class=\"entry-header\">\n\t\t<div class=\"entry-taxonomies\">\n\t\t<span class=\"category-links term-links category-style-normal\">\n\t\t\t<style>.loop-entry.type-post .entry-taxonomies a.category-link-games {\n\t\t\t\t\t\t\t\t\t\tcolor: #9b51e0;\n\t\t\t\t\t\t\t\t\t}<\/style><a href=\"https:\/\/bvnarede.com.br\/varinhanerd\/category\/games\/\" class=\"category-link-games\" rel=\"tag\">Games<\/a>\t\t<\/span>\n\t<\/div><!-- .entry-taxonomies -->\n\t<h2 class=\"entry-title\"><a href=\"https:\/\/bvnarede.com.br\/varinhanerd\/nova-geracao-do-xbox\/\" rel=\"bookmark\">Nova gera\u00e7\u00e3o do Xbox \u00e9 anunciada: saiba tudo sobre o futuro dos consoles da Microsoft<\/a><\/h2>\t<div class=\"entry-meta entry-meta-divider-dot\">\n\t\t\t\t<span class=\"posted-on\">\n\t\t\t\t<time class=\"entry-date published\" datetime=\"2025-06-18T11:11:48-03:00\">18\/06\/2025<\/time><time class=\"updated\" datetime=\"2025-06-23T11:02:22-03:00\">23\/06\/2025<\/time>\t\t\t<\/span>\n\t\t\t\t<\/div><!-- .entry-meta -->\n\t<\/header><!-- .entry-header -->\n\t<div class=\"entry-summary\">\n\t\t<p>A Microsoft acaba de anunciar oficialmente que uma nova gera\u00e7\u00e3o do Xbox est\u00e1 em desenvolvimento. A revela\u00e7\u00e3o foi feita atrav\u00e9s de um v\u00eddeo publicado no canais oficiais do Xbox, gerando grande expectativa entre os f\u00e3s da marca e da ind\u00fastria de games como um todo. Mesmo sem apresentar imagens do console ou especifica\u00e7\u00f5es detalhadas, a&#8230;<\/p>\n\t<\/div><!-- .entry-summary -->\n\t<footer class=\"entry-footer\">\n\t\t\t<div class=\"entry-actions\">\n\t\t\t<p class=\"more-link-wrap\">\n\t\t\t\t<a href=\"https:\/\/bvnarede.com.br\/varinhanerd\/nova-geracao-do-xbox\/\" class=\"post-more-link\">\n\t\t\t\t\tleia mais<span class=\"screen-reader-text\"> Nova gera\u00e7\u00e3o do Xbox \u00e9 anunciada: saiba tudo sobre o futuro dos consoles da Microsoft<\/span><span class=\"kadence-svg-iconset svg-baseline\"><svg aria-hidden=\"true\" class=\"kadence-svg-icon kadence-arrow-right-alt-svg\" fill=\"currentColor\" version=\"1.1\" xmlns=\"http:\/\/www.w3.org\/2000\/svg\" width=\"27\" height=\"28\" viewBox=\"0 0 27 28\"><title>Continue<\/title><path d=\"M27 13.953c0 0.141-0.063 0.281-0.156 0.375l-6 5.531c-0.156 0.141-0.359 0.172-0.547 0.094-0.172-0.078-0.297-0.25-0.297-0.453v-3.5h-19.5c-0.281 0-0.5-0.219-0.5-0.5v-3c0-0.281 0.219-0.5 0.5-0.5h19.5v-3.5c0-0.203 0.109-0.375 0.297-0.453s0.391-0.047 0.547 0.078l6 5.469c0.094 0.094 0.156 0.219 0.156 0.359v0z\"><\/path>\n\t\t\t<\/svg><\/span>\t\t\t\t<\/a>\n\t\t\t<\/p>\n\t\t<\/div><!-- .entry-actions -->\n\t\t<\/footer><!-- .entry-footer -->\t\t<\/div>\n\t<\/article>\n<\/li>\n<li class=\"kb-post-list-item\">\n\t<article class=\"entry content-bg loop-entry post-14 post type-post status-publish format-standard has-post-thumbnail hentry category-games\">\n\t\t\t\t<a aria-hidden=\"true\" tabindex=\"-1\" role=\"presentation\" class=\"post-thumbnail kadence-thumbnail-ratio-9-16\" href=\"https:\/\/bvnarede.com.br\/varinhanerd\/xbox-portatil\/\" aria-label=\"Xbox port\u00e1til: tudo sobre o novo console da Microsoft\">\n\t\t\t<div class=\"post-thumbnail-inner\">\n\t\t\t\t<img loading=\"lazy\" decoding=\"async\" width=\"768\" height=\"432\" src=\"https:\/\/bvnarede.com.br\/varinhanerd\/wp-content\/uploads\/2025\/06\/xbox-rog-ally-768x432.jpg\" class=\"attachment-medium_large size-medium_large wp-post-image\" alt=\"Xbox port\u00e1til: tudo sobre o novo console da Microsoft\" srcset=\"https:\/\/bvnarede.com.br\/varinhanerd\/wp-content\/uploads\/2025\/06\/xbox-rog-ally-768x432.jpg 768w, https:\/\/bvnarede.com.br\/varinhanerd\/wp-content\/uploads\/2025\/06\/xbox-rog-ally-300x169.jpg 300w, https:\/\/bvnarede.com.br\/varinhanerd\/wp-content\/uploads\/2025\/06\/xbox-rog-ally-1024x576.jpg 1024w, https:\/\/bvnarede.com.br\/varinhanerd\/wp-content\/uploads\/2025\/06\/xbox-rog-ally.jpg 1456w\" sizes=\"auto, (max-width: 768px) 100vw, 768px\" \/>\t\t\t<\/div>\n\t\t<\/a><!-- .post-thumbnail -->\n\t\t\t\t<div class=\"entry-content-wrap\">\n\t\t\t<header class=\"entry-header\">\n\t\t<div class=\"entry-taxonomies\">\n\t\t<span class=\"category-links term-links category-style-normal\">\n\t\t\t<style>.loop-entry.type-post .entry-taxonomies a.category-link-games {\n\t\t\t\t\t\t\t\t\t\tcolor: #9b51e0;\n\t\t\t\t\t\t\t\t\t}<\/style><a href=\"https:\/\/bvnarede.com.br\/varinhanerd\/category\/games\/\" class=\"category-link-games\" rel=\"tag\">Games<\/a>\t\t<\/span>\n\t<\/div><!-- .entry-taxonomies -->\n\t<h2 class=\"entry-title\"><a href=\"https:\/\/bvnarede.com.br\/varinhanerd\/xbox-portatil\/\" rel=\"bookmark\">Xbox port\u00e1til: tudo sobre o novo console da Microsoft<\/a><\/h2>\t<div class=\"entry-meta entry-meta-divider-dot\">\n\t\t\t\t<span class=\"posted-on\">\n\t\t\t\t<time class=\"entry-date published\" datetime=\"2025-06-09T13:12:08-03:00\">09\/06\/2025<\/time><time class=\"updated\" datetime=\"2025-06-23T11:02:13-03:00\">23\/06\/2025<\/time>\t\t\t<\/span>\n\t\t\t\t<\/div><!-- .entry-meta -->\n\t<\/header><!-- .entry-header -->\n\t<div class=\"entry-summary\">\n\t\t<p>A Microsoft acaba de oficializar uma das novidades mais aguardadas do universo gamer: o Xbox port\u00e1til. O novo console promete entregar experi\u00eancia de jogo de alto n\u00edvel, com a flexibilidade da portabilidade. Ele chega como concorrente direto do Steam Deck e Nintendo Switch, mas com a for\u00e7a do ecossistema Xbox, incluindo Game Pass, xCloud e&#8230;<\/p>\n\t<\/div><!-- .entry-summary -->\n\t<footer class=\"entry-footer\">\n\t\t\t<div class=\"entry-actions\">\n\t\t\t<p class=\"more-link-wrap\">\n\t\t\t\t<a href=\"https:\/\/bvnarede.com.br\/varinhanerd\/xbox-portatil\/\" class=\"post-more-link\">\n\t\t\t\t\tleia mais<span class=\"screen-reader-text\"> Xbox port\u00e1til: tudo sobre o novo console da Microsoft<\/span><span class=\"kadence-svg-iconset svg-baseline\"><svg aria-hidden=\"true\" class=\"kadence-svg-icon kadence-arrow-right-alt-svg\" fill=\"currentColor\" version=\"1.1\" xmlns=\"http:\/\/www.w3.org\/2000\/svg\" width=\"27\" height=\"28\" viewBox=\"0 0 27 28\"><title>Continue<\/title><path d=\"M27 13.953c0 0.141-0.063 0.281-0.156 0.375l-6 5.531c-0.156 0.141-0.359 0.172-0.547 0.094-0.172-0.078-0.297-0.25-0.297-0.453v-3.5h-19.5c-0.281 0-0.5-0.219-0.5-0.5v-3c0-0.281 0.219-0.5 0.5-0.5h19.5v-3.5c0-0.203 0.109-0.375 0.297-0.453s0.391-0.047 0.547 0.078l6 5.469c0.094 0.094 0.156 0.219 0.156 0.359v0z\"><\/path>\n\t\t\t<\/svg><\/span>\t\t\t\t<\/a>\n\t\t\t<\/p>\n\t\t<\/div><!-- .entry-actions -->\n\t\t<\/footer><!-- .entry-footer -->\t\t<\/div>\n\t<\/article>\n<\/li>\n<li class=\"kb-post-list-item\">\n\t<article class=\"entry content-bg loop-entry post-11 post type-post status-publish format-standard has-post-thumbnail hentry category-games\">\n\t\t\t\t<a aria-hidden=\"true\" tabindex=\"-1\" role=\"presentation\" class=\"post-thumbnail kadence-thumbnail-ratio-9-16\" href=\"https:\/\/bvnarede.com.br\/varinhanerd\/microsoft-rewards\/\" aria-label=\"Microsoft Rewards: O Guia Completo Para Ganhar Pontos e Trocar Por Recompensas\">\n\t\t\t<div class=\"post-thumbnail-inner\">\n\t\t\t\t<img loading=\"lazy\" decoding=\"async\" width=\"768\" height=\"432\" src=\"https:\/\/bvnarede.com.br\/varinhanerd\/wp-content\/uploads\/2025\/06\/nbqh9hyvcwy-768x432.jpg\" class=\"attachment-medium_large size-medium_large wp-post-image\" alt=\"icon\" srcset=\"https:\/\/bvnarede.com.br\/varinhanerd\/wp-content\/uploads\/2025\/06\/nbqh9hyvcwy-768x432.jpg 768w, https:\/\/bvnarede.com.br\/varinhanerd\/wp-content\/uploads\/2025\/06\/nbqh9hyvcwy-300x169.jpg 300w, https:\/\/bvnarede.com.br\/varinhanerd\/wp-content\/uploads\/2025\/06\/nbqh9hyvcwy-1024x576.jpg 1024w, https:\/\/bvnarede.com.br\/varinhanerd\/wp-content\/uploads\/2025\/06\/nbqh9hyvcwy-1536x864.jpg 1536w, https:\/\/bvnarede.com.br\/varinhanerd\/wp-content\/uploads\/2025\/06\/nbqh9hyvcwy.jpg 1600w\" sizes=\"auto, (max-width: 768px) 100vw, 768px\" \/>\t\t\t<\/div>\n\t\t<\/a><!-- .post-thumbnail -->\n\t\t\t\t<div class=\"entry-content-wrap\">\n\t\t\t<header class=\"entry-header\">\n\t\t<div class=\"entry-taxonomies\">\n\t\t<span class=\"category-links term-links category-style-normal\">\n\t\t\t<style>.loop-entry.type-post .entry-taxonomies a.category-link-games {\n\t\t\t\t\t\t\t\t\t\tcolor: #9b51e0;\n\t\t\t\t\t\t\t\t\t}<\/style><a href=\"https:\/\/bvnarede.com.br\/varinhanerd\/category\/games\/\" class=\"category-link-games\" rel=\"tag\">Games<\/a>\t\t<\/span>\n\t<\/div><!-- .entry-taxonomies -->\n\t<h2 class=\"entry-title\"><a href=\"https:\/\/bvnarede.com.br\/varinhanerd\/microsoft-rewards\/\" rel=\"bookmark\">Microsoft Rewards: O Guia Completo Para Ganhar Pontos e Trocar Por Recompensas<\/a><\/h2>\t<div class=\"entry-meta entry-meta-divider-dot\">\n\t\t\t\t<span class=\"posted-on\">\n\t\t\t\t<time class=\"entry-date published\" datetime=\"2025-06-06T18:09:19-03:00\">06\/06\/2025<\/time><time class=\"updated\" datetime=\"2025-07-23T10:44:43-03:00\">23\/07\/2025<\/time>\t\t\t<\/span>\n\t\t\t\t<\/div><!-- .entry-meta -->\n\t<\/header><!-- .entry-header -->\n\t<div class=\"entry-summary\">\n\t\t<p>O Microsoft Rewards \u00e9 um programa de fidelidade da Microsoft que permite aos usu\u00e1rios acumularem pontos ao realizar atividades como pesquisas no Bing, compras na Microsoft Store e intera\u00e7\u00f5es com produtos e servi\u00e7os da empresa. Esses pontos podem ser trocados por uma variedade de recompensas, como saldo na Xbox Store, cart\u00f5es-presente, doa\u00e7\u00f5es para institui\u00e7\u00f5es de&#8230;<\/p>\n\t<\/div><!-- .entry-summary -->\n\t<footer class=\"entry-footer\">\n\t\t\t<div class=\"entry-actions\">\n\t\t\t<p class=\"more-link-wrap\">\n\t\t\t\t<a href=\"https:\/\/bvnarede.com.br\/varinhanerd\/microsoft-rewards\/\" class=\"post-more-link\">\n\t\t\t\t\tleia mais<span class=\"screen-reader-text\"> Microsoft Rewards: O Guia Completo Para Ganhar Pontos e Trocar Por Recompensas<\/span><span class=\"kadence-svg-iconset svg-baseline\"><svg aria-hidden=\"true\" class=\"kadence-svg-icon kadence-arrow-right-alt-svg\" fill=\"currentColor\" version=\"1.1\" xmlns=\"http:\/\/www.w3.org\/2000\/svg\" width=\"27\" height=\"28\" viewBox=\"0 0 27 28\"><title>Continue<\/title><path d=\"M27 13.953c0 0.141-0.063 0.281-0.156 0.375l-6 5.531c-0.156 0.141-0.359 0.172-0.547 0.094-0.172-0.078-0.297-0.25-0.297-0.453v-3.5h-19.5c-0.281 0-0.5-0.219-0.5-0.5v-3c0-0.281 0.219-0.5 0.5-0.5h19.5v-3.5c0-0.203 0.109-0.375 0.297-0.453s0.391-0.047 0.547 0.078l6 5.469c0.094 0.094 0.156 0.219 0.156 0.359v0z\"><\/path>\n\t\t\t<\/svg><\/span>\t\t\t\t<\/a>\n\t\t\t<\/p>\n\t\t<\/div><!-- .entry-actions -->\n\t\t<\/footer><!-- .entry-footer -->\t\t<\/div>\n\t<\/article>\n<\/li>\n<li class=\"kb-post-list-item\">\n\t<article class=\"entry content-bg loop-entry post-9 post type-post status-publish format-standard has-post-thumbnail hentry category-games\">\n\t\t\t\t<a aria-hidden=\"true\" tabindex=\"-1\" role=\"presentation\" class=\"post-thumbnail kadence-thumbnail-ratio-9-16\" href=\"https:\/\/bvnarede.com.br\/varinhanerd\/black-myth-wukong-sera-lancado-no-xbox-series\/\" aria-label=\"Black Myth Wukong ser\u00e1 lan\u00e7ado no Xbox Series X|S em 20 de agosto de 2025\">\n\t\t\t<div class=\"post-thumbnail-inner\">\n\t\t\t\t<img loading=\"lazy\" decoding=\"async\" width=\"480\" height=\"270\" src=\"https:\/\/bvnarede.com.br\/varinhanerd\/wp-content\/uploads\/2025\/06\/nvidia-geforce-nvidia-wukong-black-myth-qdssjlsucnpvnriojt.gif\" class=\"attachment-medium_large size-medium_large wp-post-image\" alt=\"Black Myth Wukong ser\u00e1 lan\u00e7ado no Xbox Series X|S em 20 de agosto de 2025\" \/>\t\t\t<\/div>\n\t\t<\/a><!-- .post-thumbnail -->\n\t\t\t\t<div class=\"entry-content-wrap\">\n\t\t\t<header class=\"entry-header\">\n\t\t<div class=\"entry-taxonomies\">\n\t\t<span class=\"category-links term-links category-style-normal\">\n\t\t\t<style>.loop-entry.type-post .entry-taxonomies a.category-link-games {\n\t\t\t\t\t\t\t\t\t\tcolor: #9b51e0;\n\t\t\t\t\t\t\t\t\t}<\/style><a href=\"https:\/\/bvnarede.com.br\/varinhanerd\/category\/games\/\" class=\"category-link-games\" rel=\"tag\">Games<\/a>\t\t<\/span>\n\t<\/div><!-- .entry-taxonomies -->\n\t<h2 class=\"entry-title\"><a href=\"https:\/\/bvnarede.com.br\/varinhanerd\/black-myth-wukong-sera-lancado-no-xbox-series\/\" rel=\"bookmark\">Black Myth Wukong ser\u00e1 lan\u00e7ado no Xbox Series X|S em 20 de agosto de 2025<\/a><\/h2>\t<div class=\"entry-meta entry-meta-divider-dot\">\n\t\t\t\t<span class=\"posted-on\">\n\t\t\t\t<time class=\"entry-date published\" datetime=\"2025-06-06T18:01:22-03:00\">06\/06\/2025<\/time><time class=\"updated\" datetime=\"2025-06-25T09:38:15-03:00\">25\/06\/2025<\/time>\t\t\t<\/span>\n\t\t\t\t<\/div><!-- .entry-meta -->\n\t<\/header><!-- .entry-header -->\n\t<div class=\"entry-summary\">\n\t\t<p>O aguardado Black Myth Wukong ser\u00e1 lan\u00e7ado no Xbox Series, RPG de a\u00e7\u00e3o desenvolvido pelo est\u00fadio chin\u00eas Game Science, finalmente tem lan\u00e7amento confirmado no Xbox Series X|S: 20 de agosto de 2025. O game, que j\u00e1 conquistou f\u00e3s no PC e PS5, agora chega ao console da Microsoft com a promessa de entregar uma experi\u00eancia&#8230;<\/p>\n\t<\/div><!-- .entry-summary -->\n\t<footer class=\"entry-footer\">\n\t\t\t<div class=\"entry-actions\">\n\t\t\t<p class=\"more-link-wrap\">\n\t\t\t\t<a href=\"https:\/\/bvnarede.com.br\/varinhanerd\/black-myth-wukong-sera-lancado-no-xbox-series\/\" class=\"post-more-link\">\n\t\t\t\t\tleia mais<span class=\"screen-reader-text\"> Black Myth Wukong ser\u00e1 lan\u00e7ado no Xbox Series X|S em 20 de agosto de 2025<\/span><span class=\"kadence-svg-iconset svg-baseline\"><svg aria-hidden=\"true\" class=\"kadence-svg-icon kadence-arrow-right-alt-svg\" fill=\"currentColor\" version=\"1.1\" xmlns=\"http:\/\/www.w3.org\/2000\/svg\" width=\"27\" height=\"28\" viewBox=\"0 0 27 28\"><title>Continue<\/title><path d=\"M27 13.953c0 0.141-0.063 0.281-0.156 0.375l-6 5.531c-0.156 0.141-0.359 0.172-0.547 0.094-0.172-0.078-0.297-0.25-0.297-0.453v-3.5h-19.5c-0.281 0-0.5-0.219-0.5-0.5v-3c0-0.281 0.219-0.5 0.5-0.5h19.5v-3.5c0-0.203 0.109-0.375 0.297-0.453s0.391-0.047 0.547 0.078l6 5.469c0.094 0.094 0.156 0.219 0.156 0.359v0z\"><\/path>\n\t\t\t<\/svg><\/span>\t\t\t\t<\/a>\n\t\t\t<\/p>\n\t\t<\/div><!-- .entry-actions -->\n\t\t<\/footer><!-- .entry-footer -->\t\t<\/div>\n\t<\/article>\n<\/li>\n<\/ul>","protected":false},"excerpt":{"rendered":"","protected":false},"author":1,"featured_media":0,"parent":0,"menu_order":0,"comment_status":"closed","ping_status":"closed","template":"","meta":{"_kadence_starter_templates_imported_post":false,"_kad_post_transparent":"","_kad_post_title":"","_kad_post_layout":"","_kad_post_sidebar_id":"","_kad_post_content_style":"","_kad_post_vertical_padding":"","_kad_post_feature":"","_kad_post_feature_position":"","_kad_post_header":false,"_kad_post_footer":false,"footnotes":""},"class_list":["post-30","page","type-page","status-publish","hentry"],"_links":{"self":[{"href":"https:\/\/bvnarede.com.br\/varinhanerd\/wp-json\/wp\/v2\/pages\/30","targetHints":{"allow":["GET"]}}],"collection":[{"href":"https:\/\/bvnarede.com.br\/varinhanerd\/wp-json\/wp\/v2\/pages"}],"about":[{"href":"https:\/\/bvnarede.com.br\/varinhanerd\/wp-json\/wp\/v2\/types\/page"}],"author":[{"embeddable":true,"href":"https:\/\/bvnarede.com.br\/varinhanerd\/wp-json\/wp\/v2\/users\/1"}],"replies":[{"embeddable":true,"href":"https:\/\/bvnarede.com.br\/varinhanerd\/wp-json\/wp\/v2\/comments?post=30"}],"version-history":[{"count":5,"href":"https:\/\/bvnarede.com.br\/varinhanerd\/wp-json\/wp\/v2\/pages\/30\/revisions"}],"predecessor-version":[{"id":139,"href":"https:\/\/bvnarede.com.br\/varinhanerd\/wp-json\/wp\/v2\/pages\/30\/revisions\/139"}],"wp:attachment":[{"href":"https:\/\/bvnarede.com.br\/varinhanerd\/wp-json\/wp\/v2\/media?parent=30"}],"curies":[{"name":"wp","href":"https:\/\/api.w.org\/{rel}","templated":true}]}}