{"id":174,"date":"2025-06-23T14:17:35","date_gmt":"2025-06-23T17:17:35","guid":{"rendered":"https:\/\/bvnarede.com.br\/varinhanerd\/?page_id=174"},"modified":"2025-06-23T14:17:36","modified_gmt":"2025-06-23T17:17:36","slug":"dicas","status":"publish","type":"page","link":"https:\/\/bvnarede.com.br\/varinhanerd\/dicas\/","title":{"rendered":"DICAS"},"content":{"rendered":"<style>.kb-posts-id-174_4096fe-af .kb-post-list-item{display:grid;}<\/style><ul class=\"wp-block-kadence-posts kb-posts kadence-posts-list kb-posts-id-174_4096fe-af content-wrap grid-cols kb-posts-style-boxed grid-sm-col-1 grid-lg-col-1 item-image-style-beside\"><li class=\"kb-post-list-item\">\n\t<article class=\"entry content-bg loop-entry post-274 post type-post status-publish format-standard has-post-thumbnail hentry category-dicas tag-games tag-geek\">\n\t\t\t\t<a aria-hidden=\"true\" tabindex=\"-1\" role=\"presentation\" class=\"post-thumbnail kadence-thumbnail-ratio-2-3\" href=\"https:\/\/bvnarede.com.br\/varinhanerd\/viagens-inspiradas-em-videogames\/\" aria-label=\"Gami-vacations: viagens inspiradas em videogames\">\n\t\t\t<div class=\"post-thumbnail-inner\">\n\t\t\t\t<img loading=\"lazy\" decoding=\"async\" width=\"768\" height=\"514\" src=\"https:\/\/bvnarede.com.br\/varinhanerd\/wp-content\/uploads\/2025\/08\/1nae8177_bi-768x514.jpg\" class=\"attachment-medium_large size-medium_large wp-post-image\" alt=\"viagens inspiradas em videogames\" srcset=\"https:\/\/bvnarede.com.br\/varinhanerd\/wp-content\/uploads\/2025\/08\/1nae8177_bi-768x514.jpg 768w, https:\/\/bvnarede.com.br\/varinhanerd\/wp-content\/uploads\/2025\/08\/1nae8177_bi-300x201.jpg 300w, https:\/\/bvnarede.com.br\/varinhanerd\/wp-content\/uploads\/2025\/08\/1nae8177_bi-1024x685.jpg 1024w, https:\/\/bvnarede.com.br\/varinhanerd\/wp-content\/uploads\/2025\/08\/1nae8177_bi-1536x1028.jpg 1536w, https:\/\/bvnarede.com.br\/varinhanerd\/wp-content\/uploads\/2025\/08\/1nae8177_bi.jpg 1600w\" sizes=\"auto, (max-width: 768px) 100vw, 768px\" \/>\t\t\t<\/div>\n\t\t<\/a><!-- .post-thumbnail -->\n\t\t\t\t<div class=\"entry-content-wrap\">\n\t\t\t<header class=\"entry-header\">\n\t\t<div class=\"entry-taxonomies\">\n\t\t<span class=\"category-links term-links category-style-normal\">\n\t\t\t<style>.loop-entry.type-post .entry-taxonomies a.category-link-dicas {\n\t\t\t\t\t\t\t\t\t\tcolor: #870125;\n\t\t\t\t\t\t\t\t\t}<\/style><a href=\"https:\/\/bvnarede.com.br\/varinhanerd\/category\/dicas\/\" class=\"category-link-dicas\" rel=\"tag\">Dicas<\/a>\t\t<\/span>\n\t<\/div><!-- .entry-taxonomies -->\n\t<h2 class=\"entry-title\"><a href=\"https:\/\/bvnarede.com.br\/varinhanerd\/viagens-inspiradas-em-videogames\/\" rel=\"bookmark\">Gami-vacations: viagens inspiradas em videogames<\/a><\/h2>\t<div class=\"entry-meta entry-meta-divider-dot\">\n\t\t\t\t<span class=\"posted-on\">\n\t\t\t\t<time class=\"entry-date published\" datetime=\"2025-08-19T13:59:44-03:00\">19\/08\/2025<\/time><time class=\"updated\" datetime=\"2025-08-19T13:59:45-03:00\">19\/08\/2025<\/time>\t\t\t<\/span>\n\t\t\t\t<\/div><!-- .entry-meta -->\n\t<\/header><!-- .entry-header -->\n\t<div class=\"entry-summary\">\n\t\t<p>O universo dos videogames n\u00e3o est\u00e1 mais restrito apenas \u00e0s telas. Cada vez mais, os f\u00e3s est\u00e3o buscando transformar suas experi\u00eancias digitais em mem\u00f3rias reais, dando origem \u00e0s chamadas Gami-vacations, viagens inspiradas em videogames. Essa tend\u00eancia une turismo, cultura pop e imers\u00e3o, criando roteiros que transportam os jogadores para dentro de seus mundos favoritos. Se&#8230;<\/p>\n\t<\/div><!-- .entry-summary -->\n\t<footer class=\"entry-footer\">\n\t\t\t<div class=\"entry-actions\">\n\t\t\t<p class=\"more-link-wrap\">\n\t\t\t\t<a href=\"https:\/\/bvnarede.com.br\/varinhanerd\/viagens-inspiradas-em-videogames\/\" class=\"post-more-link\">\n\t\t\t\t\tLEIA MAIS<span class=\"screen-reader-text\"> Gami-vacations: viagens inspiradas em videogames<\/span><span class=\"kadence-svg-iconset svg-baseline\"><svg aria-hidden=\"true\" class=\"kadence-svg-icon kadence-arrow-right-alt-svg\" fill=\"currentColor\" version=\"1.1\" xmlns=\"http:\/\/www.w3.org\/2000\/svg\" width=\"27\" height=\"28\" viewBox=\"0 0 27 28\"><title>Continue<\/title><path d=\"M27 13.953c0 0.141-0.063 0.281-0.156 0.375l-6 5.531c-0.156 0.141-0.359 0.172-0.547 0.094-0.172-0.078-0.297-0.25-0.297-0.453v-3.5h-19.5c-0.281 0-0.5-0.219-0.5-0.5v-3c0-0.281 0.219-0.5 0.5-0.5h19.5v-3.5c0-0.203 0.109-0.375 0.297-0.453s0.391-0.047 0.547 0.078l6 5.469c0.094 0.094 0.156 0.219 0.156 0.359v0z\"><\/path>\n\t\t\t<\/svg><\/span>\t\t\t\t<\/a>\n\t\t\t<\/p>\n\t\t<\/div><!-- .entry-actions -->\n\t\t<\/footer><!-- .entry-footer -->\t\t<\/div>\n\t<\/article>\n<\/li>\n<li class=\"kb-post-list-item\">\n\t<article class=\"entry content-bg loop-entry post-244 post type-post status-publish format-standard has-post-thumbnail hentry category-dicas tag-desconto tag-economizar tag-meliuz\">\n\t\t\t\t<a aria-hidden=\"true\" tabindex=\"-1\" role=\"presentation\" class=\"post-thumbnail kadence-thumbnail-ratio-2-3\" href=\"https:\/\/bvnarede.com.br\/varinhanerd\/meliuz\/\" aria-label=\"Como funciona o M\u00e9liuz e por que voc\u00ea deve usar\">\n\t\t\t<div class=\"post-thumbnail-inner\">\n\t\t\t\t<img loading=\"lazy\" decoding=\"async\" width=\"768\" height=\"512\" src=\"https:\/\/bvnarede.com.br\/varinhanerd\/wp-content\/uploads\/2025\/07\/oaphds2yegq-768x512.jpg\" class=\"attachment-medium_large size-medium_large wp-post-image\" alt=\"Meliuz\" srcset=\"https:\/\/bvnarede.com.br\/varinhanerd\/wp-content\/uploads\/2025\/07\/oaphds2yegq-768x512.jpg 768w, https:\/\/bvnarede.com.br\/varinhanerd\/wp-content\/uploads\/2025\/07\/oaphds2yegq-300x200.jpg 300w, https:\/\/bvnarede.com.br\/varinhanerd\/wp-content\/uploads\/2025\/07\/oaphds2yegq-1024x683.jpg 1024w, https:\/\/bvnarede.com.br\/varinhanerd\/wp-content\/uploads\/2025\/07\/oaphds2yegq-1536x1024.jpg 1536w, https:\/\/bvnarede.com.br\/varinhanerd\/wp-content\/uploads\/2025\/07\/oaphds2yegq.jpg 1600w\" sizes=\"auto, (max-width: 768px) 100vw, 768px\" \/>\t\t\t<\/div>\n\t\t<\/a><!-- .post-thumbnail -->\n\t\t\t\t<div class=\"entry-content-wrap\">\n\t\t\t<header class=\"entry-header\">\n\t\t<div class=\"entry-taxonomies\">\n\t\t<span class=\"category-links term-links category-style-normal\">\n\t\t\t<style>.loop-entry.type-post .entry-taxonomies a.category-link-dicas {\n\t\t\t\t\t\t\t\t\t\tcolor: #870125;\n\t\t\t\t\t\t\t\t\t}<\/style><a href=\"https:\/\/bvnarede.com.br\/varinhanerd\/category\/dicas\/\" class=\"category-link-dicas\" rel=\"tag\">Dicas<\/a>\t\t<\/span>\n\t<\/div><!-- .entry-taxonomies -->\n\t<h2 class=\"entry-title\"><a href=\"https:\/\/bvnarede.com.br\/varinhanerd\/meliuz\/\" rel=\"bookmark\">Como funciona o M\u00e9liuz e por que voc\u00ea deve usar<\/a><\/h2>\t<div class=\"entry-meta entry-meta-divider-dot\">\n\t\t\t\t<span class=\"posted-on\">\n\t\t\t\t<time class=\"entry-date published\" datetime=\"2025-07-08T10:34:20-03:00\">08\/07\/2025<\/time><time class=\"updated\" datetime=\"2025-07-08T10:34:21-03:00\">08\/07\/2025<\/time>\t\t\t<\/span>\n\t\t\t\t<\/div><!-- .entry-meta -->\n\t<\/header><!-- .entry-header -->\n\t<div class=\"entry-summary\">\n\t\t<p>Se voc\u00ea est\u00e1 buscando formas de economizar nas suas compras online, acumular cashback real em dinheiro e ainda aproveitar vantagens exclusivas com seguran\u00e7a, o M\u00e9liuz \u00e9 uma das plataformas mais recomendadas no Brasil. Neste guia, voc\u00ea vai entender como funciona, quais os benef\u00edcios e como come\u00e7ar agora mesmo \u2014 incluindo um link de indica\u00e7\u00e3o para&#8230;<\/p>\n\t<\/div><!-- .entry-summary -->\n\t<footer class=\"entry-footer\">\n\t\t\t<div class=\"entry-actions\">\n\t\t\t<p class=\"more-link-wrap\">\n\t\t\t\t<a href=\"https:\/\/bvnarede.com.br\/varinhanerd\/meliuz\/\" class=\"post-more-link\">\n\t\t\t\t\tLEIA MAIS<span class=\"screen-reader-text\"> Como funciona o M\u00e9liuz e por que voc\u00ea deve usar<\/span><span class=\"kadence-svg-iconset svg-baseline\"><svg aria-hidden=\"true\" class=\"kadence-svg-icon kadence-arrow-right-alt-svg\" fill=\"currentColor\" version=\"1.1\" xmlns=\"http:\/\/www.w3.org\/2000\/svg\" width=\"27\" height=\"28\" viewBox=\"0 0 27 28\"><title>Continue<\/title><path d=\"M27 13.953c0 0.141-0.063 0.281-0.156 0.375l-6 5.531c-0.156 0.141-0.359 0.172-0.547 0.094-0.172-0.078-0.297-0.25-0.297-0.453v-3.5h-19.5c-0.281 0-0.5-0.219-0.5-0.5v-3c0-0.281 0.219-0.5 0.5-0.5h19.5v-3.5c0-0.203 0.109-0.375 0.297-0.453s0.391-0.047 0.547 0.078l6 5.469c0.094 0.094 0.156 0.219 0.156 0.359v0z\"><\/path>\n\t\t\t<\/svg><\/span>\t\t\t\t<\/a>\n\t\t\t<\/p>\n\t\t<\/div><!-- .entry-actions -->\n\t\t<\/footer><!-- .entry-footer -->\t\t<\/div>\n\t<\/article>\n<\/li>\n<li class=\"kb-post-list-item\">\n\t<article class=\"entry content-bg loop-entry post-207 post type-post status-publish format-standard has-post-thumbnail hentry category-dicas tag-amazon tag-games tag-geek tag-presentes-nerds tag-series-e-filmes\">\n\t\t\t\t<a aria-hidden=\"true\" tabindex=\"-1\" role=\"presentation\" class=\"post-thumbnail kadence-thumbnail-ratio-2-3\" href=\"https:\/\/bvnarede.com.br\/varinhanerd\/assinar-o-amazon-prime\/\" aria-label=\"7 motivos para assinar o Amazon Prime em 2025 (especial para f\u00e3s geek)\">\n\t\t\t<div class=\"post-thumbnail-inner\">\n\t\t\t\t<img loading=\"lazy\" decoding=\"async\" width=\"768\" height=\"482\" src=\"https:\/\/bvnarede.com.br\/varinhanerd\/wp-content\/uploads\/2025\/06\/qsuibqtr0xk-768x482.jpg\" class=\"attachment-medium_large size-medium_large wp-post-image\" alt=\"assinar o Amazon Prime\" srcset=\"https:\/\/bvnarede.com.br\/varinhanerd\/wp-content\/uploads\/2025\/06\/qsuibqtr0xk-768x482.jpg 768w, https:\/\/bvnarede.com.br\/varinhanerd\/wp-content\/uploads\/2025\/06\/qsuibqtr0xk-300x188.jpg 300w, https:\/\/bvnarede.com.br\/varinhanerd\/wp-content\/uploads\/2025\/06\/qsuibqtr0xk-1024x643.jpg 1024w, https:\/\/bvnarede.com.br\/varinhanerd\/wp-content\/uploads\/2025\/06\/qsuibqtr0xk-1536x964.jpg 1536w, https:\/\/bvnarede.com.br\/varinhanerd\/wp-content\/uploads\/2025\/06\/qsuibqtr0xk.jpg 1600w\" sizes=\"auto, (max-width: 768px) 100vw, 768px\" \/>\t\t\t<\/div>\n\t\t<\/a><!-- .post-thumbnail -->\n\t\t\t\t<div class=\"entry-content-wrap\">\n\t\t\t<header class=\"entry-header\">\n\t\t<div class=\"entry-taxonomies\">\n\t\t<span class=\"category-links term-links category-style-normal\">\n\t\t\t<style>.loop-entry.type-post .entry-taxonomies a.category-link-dicas {\n\t\t\t\t\t\t\t\t\t\tcolor: #870125;\n\t\t\t\t\t\t\t\t\t}<\/style><a href=\"https:\/\/bvnarede.com.br\/varinhanerd\/category\/dicas\/\" class=\"category-link-dicas\" rel=\"tag\">Dicas<\/a>\t\t<\/span>\n\t<\/div><!-- .entry-taxonomies -->\n\t<h2 class=\"entry-title\"><a href=\"https:\/\/bvnarede.com.br\/varinhanerd\/assinar-o-amazon-prime\/\" rel=\"bookmark\">7 motivos para assinar o Amazon Prime em 2025 (especial para f\u00e3s geek)<\/a><\/h2>\t<div class=\"entry-meta entry-meta-divider-dot\">\n\t\t\t\t<span class=\"posted-on\">\n\t\t\t\t<time class=\"entry-date published\" datetime=\"2025-06-25T15:02:55-03:00\">25\/06\/2025<\/time><time class=\"updated\" datetime=\"2025-06-25T15:06:48-03:00\">25\/06\/2025<\/time>\t\t\t<\/span>\n\t\t\t\t<\/div><!-- .entry-meta -->\n\t<\/header><!-- .entry-header -->\n\t<div class=\"entry-summary\">\n\t\t<p>Se voc\u00ea est\u00e1 considerando assinar o Amazon Prime, este artigo \u00e9 para voc\u00ea. Em 2025, o servi\u00e7o da Amazon se consolidou como uma das melhores op\u00e7\u00f5es para quem busca conte\u00fado geek, economia nas compras e uma experi\u00eancia completa em entretenimento. Com um \u00fanico plano, \u00e9 poss\u00edvel assistir a s\u00e9ries, ler HQs, jogar, ouvir m\u00fasica e&#8230;<\/p>\n\t<\/div><!-- .entry-summary -->\n\t<footer class=\"entry-footer\">\n\t\t\t<div class=\"entry-actions\">\n\t\t\t<p class=\"more-link-wrap\">\n\t\t\t\t<a href=\"https:\/\/bvnarede.com.br\/varinhanerd\/assinar-o-amazon-prime\/\" class=\"post-more-link\">\n\t\t\t\t\tLEIA MAIS<span class=\"screen-reader-text\"> 7 motivos para assinar o Amazon Prime em 2025 (especial para f\u00e3s geek)<\/span><span class=\"kadence-svg-iconset svg-baseline\"><svg aria-hidden=\"true\" class=\"kadence-svg-icon kadence-arrow-right-alt-svg\" fill=\"currentColor\" version=\"1.1\" xmlns=\"http:\/\/www.w3.org\/2000\/svg\" width=\"27\" height=\"28\" viewBox=\"0 0 27 28\"><title>Continue<\/title><path d=\"M27 13.953c0 0.141-0.063 0.281-0.156 0.375l-6 5.531c-0.156 0.141-0.359 0.172-0.547 0.094-0.172-0.078-0.297-0.25-0.297-0.453v-3.5h-19.5c-0.281 0-0.5-0.219-0.5-0.5v-3c0-0.281 0.219-0.5 0.5-0.5h19.5v-3.5c0-0.203 0.109-0.375 0.297-0.453s0.391-0.047 0.547 0.078l6 5.469c0.094 0.094 0.156 0.219 0.156 0.359v0z\"><\/path>\n\t\t\t<\/svg><\/span>\t\t\t\t<\/a>\n\t\t\t<\/p>\n\t\t<\/div><!-- .entry-actions -->\n\t\t<\/footer><!-- .entry-footer -->\t\t<\/div>\n\t<\/article>\n<\/li>\n<li class=\"kb-post-list-item\">\n\t<article class=\"entry content-bg loop-entry post-199 post type-post status-publish format-standard has-post-thumbnail hentry category-dicas tag-geek tag-netflix tag-presentes-nerds tag-series\">\n\t\t\t\t<a aria-hidden=\"true\" tabindex=\"-1\" role=\"presentation\" class=\"post-thumbnail kadence-thumbnail-ratio-2-3\" href=\"https:\/\/bvnarede.com.br\/varinhanerd\/series-geek-na-netflix-em-maio-de-2025\/\" aria-label=\"Guia completo: s\u00e9ries geek na Netflix em maio de 2025 para maratonar agora\">\n\t\t\t<div class=\"post-thumbnail-inner\">\n\t\t\t\t<img loading=\"lazy\" decoding=\"async\" width=\"768\" height=\"513\" src=\"https:\/\/bvnarede.com.br\/varinhanerd\/wp-content\/uploads\/2025\/06\/awol7qqsffm-768x513.jpg\" class=\"attachment-medium_large size-medium_large wp-post-image\" alt=\"melhores s\u00e9ries geek na Netflix em maio de 2025\" srcset=\"https:\/\/bvnarede.com.br\/varinhanerd\/wp-content\/uploads\/2025\/06\/awol7qqsffm-768x513.jpg 768w, https:\/\/bvnarede.com.br\/varinhanerd\/wp-content\/uploads\/2025\/06\/awol7qqsffm-300x200.jpg 300w, https:\/\/bvnarede.com.br\/varinhanerd\/wp-content\/uploads\/2025\/06\/awol7qqsffm-1024x684.jpg 1024w, https:\/\/bvnarede.com.br\/varinhanerd\/wp-content\/uploads\/2025\/06\/awol7qqsffm-1536x1025.jpg 1536w, https:\/\/bvnarede.com.br\/varinhanerd\/wp-content\/uploads\/2025\/06\/awol7qqsffm.jpg 1600w\" sizes=\"auto, (max-width: 768px) 100vw, 768px\" \/>\t\t\t<\/div>\n\t\t<\/a><!-- .post-thumbnail -->\n\t\t\t\t<div class=\"entry-content-wrap\">\n\t\t\t<header class=\"entry-header\">\n\t\t<div class=\"entry-taxonomies\">\n\t\t<span class=\"category-links term-links category-style-normal\">\n\t\t\t<style>.loop-entry.type-post .entry-taxonomies a.category-link-dicas {\n\t\t\t\t\t\t\t\t\t\tcolor: #870125;\n\t\t\t\t\t\t\t\t\t}<\/style><a href=\"https:\/\/bvnarede.com.br\/varinhanerd\/category\/dicas\/\" class=\"category-link-dicas\" rel=\"tag\">Dicas<\/a>\t\t<\/span>\n\t<\/div><!-- .entry-taxonomies -->\n\t<h2 class=\"entry-title\"><a href=\"https:\/\/bvnarede.com.br\/varinhanerd\/series-geek-na-netflix-em-maio-de-2025\/\" rel=\"bookmark\">Guia completo: s\u00e9ries geek na Netflix em maio de 2025 para maratonar agora<\/a><\/h2>\t<div class=\"entry-meta entry-meta-divider-dot\">\n\t\t\t\t<span class=\"posted-on\">\n\t\t\t\t<time class=\"entry-date published\" datetime=\"2025-06-25T11:21:25-03:00\">25\/06\/2025<\/time><time class=\"updated\" datetime=\"2025-06-25T11:21:26-03:00\">25\/06\/2025<\/time>\t\t\t<\/span>\n\t\t\t\t<\/div><!-- .entry-meta -->\n\t<\/header><!-- .entry-header -->\n\t<div class=\"entry-summary\">\n\t\t<p>Se voc\u00ea \u00e9 f\u00e3 do universo geek e est\u00e1 em busca de novidades, saiba que as s\u00e9ries geek na Netflix em maio de 2025 est\u00e3o recheadas de op\u00e7\u00f5es incr\u00edveis para maratonar. Desde fic\u00e7\u00e3o cient\u00edfica e fantasia at\u00e9 anima\u00e7\u00f5es cult e adapta\u00e7\u00f5es de quadrinhos, a plataforma traz t\u00edtulos que v\u00e3o agradar desde os mais nost\u00e1lgicos at\u00e9&#8230;<\/p>\n\t<\/div><!-- .entry-summary -->\n\t<footer class=\"entry-footer\">\n\t\t\t<div class=\"entry-actions\">\n\t\t\t<p class=\"more-link-wrap\">\n\t\t\t\t<a href=\"https:\/\/bvnarede.com.br\/varinhanerd\/series-geek-na-netflix-em-maio-de-2025\/\" class=\"post-more-link\">\n\t\t\t\t\tLEIA MAIS<span class=\"screen-reader-text\"> Guia completo: s\u00e9ries geek na Netflix em maio de 2025 para maratonar agora<\/span><span class=\"kadence-svg-iconset svg-baseline\"><svg aria-hidden=\"true\" class=\"kadence-svg-icon kadence-arrow-right-alt-svg\" fill=\"currentColor\" version=\"1.1\" xmlns=\"http:\/\/www.w3.org\/2000\/svg\" width=\"27\" height=\"28\" viewBox=\"0 0 27 28\"><title>Continue<\/title><path d=\"M27 13.953c0 0.141-0.063 0.281-0.156 0.375l-6 5.531c-0.156 0.141-0.359 0.172-0.547 0.094-0.172-0.078-0.297-0.25-0.297-0.453v-3.5h-19.5c-0.281 0-0.5-0.219-0.5-0.5v-3c0-0.281 0.219-0.5 0.5-0.5h19.5v-3.5c0-0.203 0.109-0.375 0.297-0.453s0.391-0.047 0.547 0.078l6 5.469c0.094 0.094 0.156 0.219 0.156 0.359v0z\"><\/path>\n\t\t\t<\/svg><\/span>\t\t\t\t<\/a>\n\t\t\t<\/p>\n\t\t<\/div><!-- .entry-actions -->\n\t\t<\/footer><!-- .entry-footer -->\t\t<\/div>\n\t<\/article>\n<\/li>\n<li class=\"kb-post-list-item\">\n\t<article class=\"entry content-bg loop-entry post-163 post type-post status-publish format-standard has-post-thumbnail hentry category-dicas tag-games tag-geek tag-presentes-nerds tag-series-e-filmes\">\n\t\t\t\t<a aria-hidden=\"true\" tabindex=\"-1\" role=\"presentation\" class=\"post-thumbnail kadence-thumbnail-ratio-2-3\" href=\"https:\/\/bvnarede.com.br\/varinhanerd\/presentes-nerds\/\" aria-label=\"Presentes nerds: mais de 20 ideias criativas para surpreender um geek de verdade\">\n\t\t\t<div class=\"post-thumbnail-inner\">\n\t\t\t\t<img loading=\"lazy\" decoding=\"async\" width=\"768\" height=\"509\" src=\"https:\/\/bvnarede.com.br\/varinhanerd\/wp-content\/uploads\/2025\/06\/gfl6qsbdzu-768x509.jpg\" class=\"attachment-medium_large size-medium_large wp-post-image\" alt=\"presentes nerds\" srcset=\"https:\/\/bvnarede.com.br\/varinhanerd\/wp-content\/uploads\/2025\/06\/gfl6qsbdzu-768x509.jpg 768w, https:\/\/bvnarede.com.br\/varinhanerd\/wp-content\/uploads\/2025\/06\/gfl6qsbdzu-300x199.jpg 300w, https:\/\/bvnarede.com.br\/varinhanerd\/wp-content\/uploads\/2025\/06\/gfl6qsbdzu-1024x678.jpg 1024w, https:\/\/bvnarede.com.br\/varinhanerd\/wp-content\/uploads\/2025\/06\/gfl6qsbdzu-1536x1018.jpg 1536w, https:\/\/bvnarede.com.br\/varinhanerd\/wp-content\/uploads\/2025\/06\/gfl6qsbdzu.jpg 1600w\" sizes=\"auto, (max-width: 768px) 100vw, 768px\" \/>\t\t\t<\/div>\n\t\t<\/a><!-- .post-thumbnail -->\n\t\t\t\t<div class=\"entry-content-wrap\">\n\t\t\t<header class=\"entry-header\">\n\t\t<div class=\"entry-taxonomies\">\n\t\t<span class=\"category-links term-links category-style-normal\">\n\t\t\t<style>.loop-entry.type-post .entry-taxonomies a.category-link-dicas {\n\t\t\t\t\t\t\t\t\t\tcolor: #870125;\n\t\t\t\t\t\t\t\t\t}<\/style><a href=\"https:\/\/bvnarede.com.br\/varinhanerd\/category\/dicas\/\" class=\"category-link-dicas\" rel=\"tag\">Dicas<\/a>\t\t<\/span>\n\t<\/div><!-- .entry-taxonomies -->\n\t<h2 class=\"entry-title\"><a href=\"https:\/\/bvnarede.com.br\/varinhanerd\/presentes-nerds\/\" rel=\"bookmark\">Presentes nerds: mais de 20 ideias criativas para surpreender um geek de verdade<\/a><\/h2>\t<div class=\"entry-meta entry-meta-divider-dot\">\n\t\t\t\t<span class=\"posted-on\">\n\t\t\t\t<time class=\"entry-date published\" datetime=\"2025-06-23T14:01:31-03:00\">23\/06\/2025<\/time><time class=\"updated\" datetime=\"2025-06-25T10:58:15-03:00\">25\/06\/2025<\/time>\t\t\t<\/span>\n\t\t\t\t<\/div><!-- .entry-meta -->\n\t<\/header><!-- .entry-header -->\n\t<div class=\"entry-summary\">\n\t\t<p>Encontrar o presente ideal para algu\u00e9m do universo geek pode parecer desafiador, mas na verdade \u00e9 uma miss\u00e3o divertida! F\u00e3s de tecnologia, s\u00e9ries, filmes, games e cultura pop est\u00e3o sempre antenados em novidades \u2014 e adoram receber itens que representem suas paix\u00f5es. Neste artigo, separamos ideias criativas de presentes nerds que v\u00e3o agradar qualquer geek,&#8230;<\/p>\n\t<\/div><!-- .entry-summary -->\n\t<footer class=\"entry-footer\">\n\t\t\t<div class=\"entry-actions\">\n\t\t\t<p class=\"more-link-wrap\">\n\t\t\t\t<a href=\"https:\/\/bvnarede.com.br\/varinhanerd\/presentes-nerds\/\" class=\"post-more-link\">\n\t\t\t\t\tLEIA MAIS<span class=\"screen-reader-text\"> Presentes nerds: mais de 20 ideias criativas para surpreender um geek de verdade<\/span><span class=\"kadence-svg-iconset svg-baseline\"><svg aria-hidden=\"true\" class=\"kadence-svg-icon kadence-arrow-right-alt-svg\" fill=\"currentColor\" version=\"1.1\" xmlns=\"http:\/\/www.w3.org\/2000\/svg\" width=\"27\" height=\"28\" viewBox=\"0 0 27 28\"><title>Continue<\/title><path d=\"M27 13.953c0 0.141-0.063 0.281-0.156 0.375l-6 5.531c-0.156 0.141-0.359 0.172-0.547 0.094-0.172-0.078-0.297-0.25-0.297-0.453v-3.5h-19.5c-0.281 0-0.5-0.219-0.5-0.5v-3c0-0.281 0.219-0.5 0.5-0.5h19.5v-3.5c0-0.203 0.109-0.375 0.297-0.453s0.391-0.047 0.547 0.078l6 5.469c0.094 0.094 0.156 0.219 0.156 0.359v0z\"><\/path>\n\t\t\t<\/svg><\/span>\t\t\t\t<\/a>\n\t\t\t<\/p>\n\t\t<\/div><!-- .entry-actions -->\n\t\t<\/footer><!-- .entry-footer -->\t\t<\/div>\n\t<\/article>\n<\/li>\n<\/ul>","protected":false},"excerpt":{"rendered":"","protected":false},"author":1,"featured_media":0,"parent":0,"menu_order":0,"comment_status":"closed","ping_status":"closed","template":"","meta":{"_kadence_starter_templates_imported_post":false,"_kad_post_transparent":"","_kad_post_title":"","_kad_post_layout":"","_kad_post_sidebar_id":"","_kad_post_content_style":"","_kad_post_vertical_padding":"","_kad_post_feature":"","_kad_post_feature_position":"","_kad_post_header":false,"_kad_post_footer":false,"footnotes":""},"class_list":["post-174","page","type-page","status-publish","hentry"],"_links":{"self":[{"href":"https:\/\/bvnarede.com.br\/varinhanerd\/wp-json\/wp\/v2\/pages\/174","targetHints":{"allow":["GET"]}}],"collection":[{"href":"https:\/\/bvnarede.com.br\/varinhanerd\/wp-json\/wp\/v2\/pages"}],"about":[{"href":"https:\/\/bvnarede.com.br\/varinhanerd\/wp-json\/wp\/v2\/types\/page"}],"author":[{"embeddable":true,"href":"https:\/\/bvnarede.com.br\/varinhanerd\/wp-json\/wp\/v2\/users\/1"}],"replies":[{"embeddable":true,"href":"https:\/\/bvnarede.com.br\/varinhanerd\/wp-json\/wp\/v2\/comments?post=174"}],"version-history":[{"count":1,"href":"https:\/\/bvnarede.com.br\/varinhanerd\/wp-json\/wp\/v2\/pages\/174\/revisions"}],"predecessor-version":[{"id":175,"href":"https:\/\/bvnarede.com.br\/varinhanerd\/wp-json\/wp\/v2\/pages\/174\/revisions\/175"}],"wp:attachment":[{"href":"https:\/\/bvnarede.com.br\/varinhanerd\/wp-json\/wp\/v2\/media?parent=174"}],"curies":[{"name":"wp","href":"https:\/\/api.w.org\/{rel}","templated":true}]}}